{"id":143,"date":"2017-04-04T06:38:49","date_gmt":"2017-04-04T06:38:49","guid":{"rendered":""},"modified":"2018-04-30T11:57:19","modified_gmt":"2018-04-30T14:57:19","slug":"login","status":"publish","type":"page","link":"https:\/\/99web.com.br\/oportunidades\/login\/","title":{"rendered":"Login"},"content":{"rendered":"<div class=\"vc_row wpb_row vc_row-fluid\"><div class=\"wpb_column vc_column_container vc_col-sm-12\"><div class=\"vc_column-inner \"><div class=\"wpb_wrapper\"><div class=\"iwj-login\">\n            <form action=\"https:\/\/99web.com.br\/oportunidades\/login\/\" method=\"post\" class=\"iwj-form iwj-login-form\">\n                        <div class=\"iwj-respon-msg hide\"><\/div>\n            <div class=\"iwj-field\">\n                <label>Nome de usu\u00e1rio<\/label>\n                <div class=\"iwj-input\">\n                    <i class=\"fa fa-user\"><\/i>\n                    <input type=\"text\" name=\"username\" placeholder=\"Informe seu nome de usu\u00e1rio.\">\n                <\/div>\n            <\/div>\n            <div class=\"iwj-field\">\n                <label>Senha<\/label>\n                <div class=\"iwj-input\">\n                    <i class=\"fa fa-keyboard-o\"><\/i>\n                    <input type=\"password\" name=\"password\" placeholder=\"Digite a senha.\">\n                <\/div>\n            <\/div>\n            <div class=\"iwj-button-loader\">\n                                <button type=\"submit\" name=\"login\" class=\"iwj-btn iwj-btn-primary iwj-btn-full iwj-btn-large iwj-login-btn\">Login<\/button>\n            <\/div>\n            <div class=\"text-center lost-password\">\n                <a href=\"https:\/\/99web.com.br\/oportunidades\/lost-password\/\">Senha perdida?<\/a>\n            <\/div>\n            <div class=\"iwj-divider\">\n                <span class=\"line\"><\/span>\n                <span class=\"circle\">Ou<\/span>\n            <\/div>\n            <div class=\"social-login row\"><div class=\"col-md-6\">\n                            <a href=\"https:\/\/www.linkedin.com\/uas\/oauth2\/authorization?client_id=78tfk5rbeagvv0&redirect_uri=https%3A%2F%2F99web.com.br%2Foportunidades%2F%3Fiwj_social_login%3Dlinkedin&response_type=code&scope=r_basicprofile+r_emailaddress&state=iYvq85ZDzLtp\" class=\"iwj-btn iwj-btn-primary iwj-btn-full iwj-btn-large iwj-btn-icon social-login-linkedin\"><i class=\"fa fa-linkedin\"><\/i>Login With Linkedin<\/a>\n                            <\/div><\/div>            <div class=\"text-center register-account\">\n                Voc\u00ea ainda n\u00e3o tem uma conta? <a href=\"https:\/\/99web.com.br\/oportunidades\/cadastrar\/\">Cadastrar<\/a>\n            <\/div>\n                        <input type=\"hidden\" name=\"redirect_to\" value=\"\">\n        <\/form>\n    <\/div>\n<\/div><\/div><\/div><\/div>\n","protected":false},"excerpt":{"rendered":"Nome de usu\u00e1rio Senha Login Senha perdida? Ou Login With Linkedin Voc\u00ea ainda n\u00e3o tem uma conta? Cadastrar","protected":false},"author":1,"featured_media":0,"parent":0,"menu_order":32,"comment_status":"closed","ping_status":"closed","template":"","meta":[],"yoast_head":"<!-- This site is optimized with the Yoast SEO plugin v17.4 - https:\/\/yoast.com\/wordpress\/plugins\/seo\/ -->\n<title>Login - Oportunidades<\/title>\n<meta name=\"robots\" content=\"index, follow, max-snippet:-1, max-image-preview:large, max-video-preview:-1\" \/>\n<link rel=\"canonical\" href=\"https:\/\/99web.com.br\/oportunidades\/login\/\" \/>\n<meta property=\"og:locale\" content=\"pt_BR\" \/>\n<meta property=\"og:type\" content=\"article\" \/>\n<meta property=\"og:title\" content=\"Login - Oportunidades\" \/>\n<meta property=\"og:url\" content=\"https:\/\/99web.com.br\/oportunidades\/login\/\" \/>\n<meta property=\"og:site_name\" content=\"Oportunidades\" \/>\n<meta property=\"article:publisher\" content=\"https:\/\/www.facebook.com\/agencia99web\/\" \/>\n<meta property=\"article:modified_time\" content=\"2018-04-30T14:57:19+00:00\" \/>\n<meta name=\"twitter:card\" content=\"summary_large_image\" \/>\n<!-- \/ Yoast SEO plugin. -->","yoast_head_json":{"title":"Login - Oportunidades","robots":{"index":"index","follow":"follow","max-snippet":"max-snippet:-1","max-image-preview":"max-image-preview:large","max-video-preview":"max-video-preview:-1"},"canonical":"https:\/\/99web.com.br\/oportunidades\/login\/","og_locale":"pt_BR","og_type":"article","og_title":"Login - Oportunidades","og_url":"https:\/\/99web.com.br\/oportunidades\/login\/","og_site_name":"Oportunidades","article_publisher":"https:\/\/www.facebook.com\/agencia99web\/","article_modified_time":"2018-04-30T14:57:19+00:00","twitter_card":"summary_large_image","schema":{"@context":"https:\/\/schema.org","@graph":[{"@type":"Organization","@id":"https:\/\/99web.com.br\/oportunidades\/#organization","name":"99Web","url":"https:\/\/99web.com.br\/oportunidades\/","sameAs":["https:\/\/www.facebook.com\/agencia99web\/","https:\/\/www.instagram.com\/99web\/","https:\/\/www.linkedin.com\/company\/99web\/about\/"],"logo":{"@type":"ImageObject","@id":"https:\/\/99web.com.br\/oportunidades\/#logo","inLanguage":"pt-BR","url":"https:\/\/99web.com.br\/oportunidades\/wp-content\/uploads\/2018\/03\/99web-pequena-a-startup-de-marketing-digital-que-esta-revolucionado-a-publicidade-on-line.png","contentUrl":"https:\/\/99web.com.br\/oportunidades\/wp-content\/uploads\/2018\/03\/99web-pequena-a-startup-de-marketing-digital-que-esta-revolucionado-a-publicidade-on-line.png","width":100,"height":46,"caption":"99Web"},"image":{"@id":"https:\/\/99web.com.br\/oportunidades\/#logo"}},{"@type":"WebSite","@id":"https:\/\/99web.com.br\/oportunidades\/#website","url":"https:\/\/99web.com.br\/oportunidades\/","name":"Oportunidades","description":"A startup de marketing digital que esta revolucionado a publicidade on-line","publisher":{"@id":"https:\/\/99web.com.br\/oportunidades\/#organization"},"potentialAction":[{"@type":"SearchAction","target":{"@type":"EntryPoint","urlTemplate":"https:\/\/99web.com.br\/oportunidades\/?s={search_term_string}"},"query-input":"required name=search_term_string"}],"inLanguage":"pt-BR"},{"@type":"WebPage","@id":"https:\/\/99web.com.br\/oportunidades\/login\/#webpage","url":"https:\/\/99web.com.br\/oportunidades\/login\/","name":"Login - Oportunidades","isPartOf":{"@id":"https:\/\/99web.com.br\/oportunidades\/#website"},"datePublished":"2017-04-04T06:38:49+00:00","dateModified":"2018-04-30T14:57:19+00:00","breadcrumb":{"@id":"https:\/\/99web.com.br\/oportunidades\/login\/#breadcrumb"},"inLanguage":"pt-BR","potentialAction":[{"@type":"ReadAction","target":["https:\/\/99web.com.br\/oportunidades\/login\/"]}]},{"@type":"BreadcrumbList","@id":"https:\/\/99web.com.br\/oportunidades\/login\/#breadcrumb","itemListElement":[{"@type":"ListItem","position":1,"name":"In\u00edcio","item":"https:\/\/99web.com.br\/oportunidades\/"},{"@type":"ListItem","position":2,"name":"Login"}]}]}},"_links":{"self":[{"href":"https:\/\/99web.com.br\/oportunidades\/wp-json\/wp\/v2\/pages\/143"}],"collection":[{"href":"https:\/\/99web.com.br\/oportunidades\/wp-json\/wp\/v2\/pages"}],"about":[{"href":"https:\/\/99web.com.br\/oportunidades\/wp-json\/wp\/v2\/types\/page"}],"author":[{"embeddable":true,"href":"https:\/\/99web.com.br\/oportunidades\/wp-json\/wp\/v2\/users\/1"}],"replies":[{"embeddable":true,"href":"https:\/\/99web.com.br\/oportunidades\/wp-json\/wp\/v2\/comments?post=143"}],"version-history":[{"count":2,"href":"https:\/\/99web.com.br\/oportunidades\/wp-json\/wp\/v2\/pages\/143\/revisions"}],"predecessor-version":[{"id":3952,"href":"https:\/\/99web.com.br\/oportunidades\/wp-json\/wp\/v2\/pages\/143\/revisions\/3952"}],"wp:attachment":[{"href":"https:\/\/99web.com.br\/oportunidades\/wp-json\/wp\/v2\/media?parent=143"}],"curies":[{"name":"wp","href":"https:\/\/api.w.org\/{rel}","templated":true}]}}