{"id":656,"date":"2017-05-08T10:10:34","date_gmt":"2017-05-08T10:10:34","guid":{"rendered":""},"modified":"2018-04-30T12:18:28","modified_gmt":"2018-04-30T15:18:28","slug":"jobs","status":"publish","type":"page","link":"https:\/\/99web.com.br\/oportunidades\/jobs\/","title":{"rendered":"Jobs"},"content":{"rendered":"<div class=\"vc_row wpb_row vc_row-fluid\"><div class=\"wpb_column vc_column_container vc_col-sm-12\"><div class=\"vc_column-inner \"><div class=\"wpb_wrapper\"><div class=\"iwj-content-inner\">\n    <div class=\"iwj-filter-form\">\n        <div class=\"jobs-layout-form\">\n            <form>\n                <div class=\"show-filter-mobile\">Mostrar Filtros<\/div>\n                <div class=\"layout-switcher\">\n                    <ul>\n                        <li class=\"active\">\n                            <a href=\"#\" class=\"iwj-layout layout-list\"><i class=\"ion-navicon\"><\/i><\/a>\n                        <\/li>\n                        <li class=\"\">\n                            <a href=\"#\" class=\"iwj-layout layout-grid\"><i class=\"ion-grid\"><\/i><\/a>\n                        <\/li>\n                    <\/ul>\n                <\/div>\n\n                <select class=\"default-sorting sorting-job iwj-select-2\" name=\"orderby\">\n                     <option value=\"\"  selected >Padr\u00e3o<\/option> <option value=\"date\"   >New job<\/option> <option value=\"salary\"   >Sal\u00e1rio<\/option> <option value=\"name\"   >T\u00edtulo do trabalho<\/option>                <\/select>\n            <\/form>\n            <div class=\"iwj-alert-feed job\">\n                <a href=\"#\" class=\"job-alert-btn\" data-toggle=\"modal\" data-target=\"#iwj-job-alert-popup\"><i class=\"fa fa-envelope-o\"><\/i>Alerta de emprego<\/a>\n                                    <a href=\"https:\/\/99web.com.br\/oportunidades\/?feed=job_feed\" class=\"iwj-feed iwj-job-feed\"><i class=\"fa fa-rss\"><\/i><\/a>\n                            <\/div>\n        <\/div>\n    <\/div>\n\n    <div id=\"iwajax-load\">\n        <div class=\"iwj-jobs iwj-listing\">\n            <div class=\"iwj-job-items\">\n                <div class=\"grid-content\" data-id=\"4019\">\n\t<div class=\"job-item featured-item\">\n\t\t\t\t\t\t<div class=\"job-image\"><img alt='99Web' src='https:\/\/99web.com.br\/oportunidades\/wp-content\/uploads\/2018\/03\/99web-pequena-a-startup-de-marketing-digital-que-esta-revolucionado-a-publicidade-on-line.png' class='avatar avatar-full photo' width='100' height='46' \/><\/div>\n\t\t\t\t\t\t<div class=\"job-info\">\n\t\t\t\t<h3 class=\"job-title\">\n\t\t\t\t\t<a href=\"https:\/\/99web.com.br\/oportunidades\/job\/analista-de-inbound-marketing\/\">Analista de Inbound Marketing<\/a>\n\t\t\t\t<\/h3>\n\t\t\t\t<div class=\"info-company\">\n\t\t\t\t\t\t\t\t\t\t\t<div class=\"company\"><i class=\"fa fa-suitcase\"><\/i>\n\t\t\t\t\t\t\t\t\t\t\t\t\t\t\t<a href=\"https:\/\/99web.com.br\/oportunidades\/empresa\/99web\/\">99Web<\/a>\n\t\t\t\t\t\t\t\t\t\t\t\t\t<\/div>\n\t\t\t\t\t\t\t\t\t\t\t\t\t\t\t\t<div class=\"sallary\"><i class=\"iwj-icon-money\"><\/i>R$4.000<\/div>\n\t\t\t\t\t\t\t\t\t\t\t\t\t\t<\/div>\n\t\t\t\t<!--            -->\t\t\t\t<!--                <span class=\"job-featured\">--><!--<\/span>-->\n\t\t\t\t<!--            -->\t\t\t\t<div class=\"job-type \">\n\t\t\t\t\t\t\t\t\t\t\t\t\t\t\t\t<button class=\"save-job\" data-toggle=\"modal\" data-target=\"#iwj-login-popup\">\n\t\t\t\t\t\t\t<i class=\"fa fa-heart\"><\/i><\/button>\n\t\t\t\t\t\t\t\t\t<\/div>\n\t\t\t<\/div>\n\t\t\t\t\t\t\t<div class=\"iwj-featured\"><\/div>\n\t\t\t\n\t<\/div>\n<\/div>\n\n<div class=\"grid-content\" data-id=\"4070\">\n\t<div class=\"job-item featured-item\">\n\t\t\t\t\t\t<div class=\"job-image\"><img alt='99Web' src='https:\/\/99web.com.br\/oportunidades\/wp-content\/uploads\/2018\/03\/99web-pequena-a-startup-de-marketing-digital-que-esta-revolucionado-a-publicidade-on-line.png' class='avatar avatar-full photo' width='100' height='46' \/><\/div>\n\t\t\t\t\t\t<div class=\"job-info\">\n\t\t\t\t<h3 class=\"job-title\">\n\t\t\t\t\t<a href=\"https:\/\/99web.com.br\/oportunidades\/job\/analista-de-marketing-digital-2\/\">Analista de Marketing Senior<\/a>\n\t\t\t\t<\/h3>\n\t\t\t\t<div class=\"info-company\">\n\t\t\t\t\t\t\t\t\t\t\t<div class=\"company\"><i class=\"fa fa-suitcase\"><\/i>\n\t\t\t\t\t\t\t\t\t\t\t\t\t\t\t<a href=\"https:\/\/99web.com.br\/oportunidades\/empresa\/99web\/\">99Web<\/a>\n\t\t\t\t\t\t\t\t\t\t\t\t\t<\/div>\n\t\t\t\t\t\t\t\t\t\t\t\t\t\t\t\t<div class=\"sallary\"><i class=\"iwj-icon-money\"><\/i>negotiable<\/div>\n\t\t\t\t\t\t\t\t\t\t\t\t\t\t<\/div>\n\t\t\t\t<!--            -->\t\t\t\t<!--                <span class=\"job-featured\">--><!--<\/span>-->\n\t\t\t\t<!--            -->\t\t\t\t<div class=\"job-type \">\n\t\t\t\t\t\t\t\t\t\t\t\t\t\t\t\t<button class=\"save-job\" data-toggle=\"modal\" data-target=\"#iwj-login-popup\">\n\t\t\t\t\t\t\t<i class=\"fa fa-heart\"><\/i><\/button>\n\t\t\t\t\t\t\t\t\t<\/div>\n\t\t\t<\/div>\n\t\t\t\t\t\t\t<div class=\"iwj-featured\"><\/div>\n\t\t\t\n\t<\/div>\n<\/div>\n\n<div class=\"grid-content\" data-id=\"4027\">\n\t<div class=\"job-item featured-item\">\n\t\t\t\t\t\t<div class=\"job-image\"><img alt='99Web' src='https:\/\/99web.com.br\/oportunidades\/wp-content\/uploads\/2018\/03\/99web-pequena-a-startup-de-marketing-digital-que-esta-revolucionado-a-publicidade-on-line.png' class='avatar avatar-full photo' width='100' height='46' \/><\/div>\n\t\t\t\t\t\t<div class=\"job-info\">\n\t\t\t\t<h3 class=\"job-title\">\n\t\t\t\t\t<a href=\"https:\/\/99web.com.br\/oportunidades\/job\/analista-financeiro\/\">Analista Financeiro<\/a>\n\t\t\t\t<\/h3>\n\t\t\t\t<div class=\"info-company\">\n\t\t\t\t\t\t\t\t\t\t\t<div class=\"company\"><i class=\"fa fa-suitcase\"><\/i>\n\t\t\t\t\t\t\t\t\t\t\t\t\t\t\t<a href=\"https:\/\/99web.com.br\/oportunidades\/empresa\/99web\/\">99Web<\/a>\n\t\t\t\t\t\t\t\t\t\t\t\t\t<\/div>\n\t\t\t\t\t\t\t\t\t\t\t\t\t\t\t\t<div class=\"sallary\"><i class=\"iwj-icon-money\"><\/i>negotiable<\/div>\n\t\t\t\t\t\t\t\t\t\t\t\t\t\t<\/div>\n\t\t\t\t<!--            -->\t\t\t\t<!--                <span class=\"job-featured\">--><!--<\/span>-->\n\t\t\t\t<!--            -->\t\t\t\t<div class=\"job-type \">\n\t\t\t\t\t\t\t\t\t\t\t\t\t\t\t\t<button class=\"save-job\" data-toggle=\"modal\" data-target=\"#iwj-login-popup\">\n\t\t\t\t\t\t\t<i class=\"fa fa-heart\"><\/i><\/button>\n\t\t\t\t\t\t\t\t\t<\/div>\n\t\t\t<\/div>\n\t\t\t\t\t\t\t<div class=\"iwj-featured\"><\/div>\n\t\t\t\n\t<\/div>\n<\/div>\n\n<div class=\"grid-content\" data-id=\"1355\">\n\t<div class=\"job-item featured-item\">\n\t\t\t\t\t\t<div class=\"job-image\"><img alt='99Web' src='https:\/\/99web.com.br\/oportunidades\/wp-content\/uploads\/2018\/03\/99web-pequena-a-startup-de-marketing-digital-que-esta-revolucionado-a-publicidade-on-line.png' class='avatar avatar-full photo' width='100' height='46' \/><\/div>\n\t\t\t\t\t\t<div class=\"job-info\">\n\t\t\t\t<h3 class=\"job-title\">\n\t\t\t\t\t<a href=\"https:\/\/99web.com.br\/oportunidades\/job\/analista-de-marketing-jr\/\">Analista de Marketing Jr.<\/a>\n\t\t\t\t<\/h3>\n\t\t\t\t<div class=\"info-company\">\n\t\t\t\t\t\t\t\t\t\t\t<div class=\"company\"><i class=\"fa fa-suitcase\"><\/i>\n\t\t\t\t\t\t\t\t\t\t\t\t\t\t\t<a href=\"https:\/\/99web.com.br\/oportunidades\/empresa\/99web\/\">99Web<\/a>\n\t\t\t\t\t\t\t\t\t\t\t\t\t<\/div>\n\t\t\t\t\t\t\t\t\t\t\t\t\t\t\t\t<div class=\"sallary\"><i class=\"iwj-icon-money\"><\/i>R$2.200 - R$2.800<\/div>\n\t\t\t\t\t\t\t\t\t\t\t\t\t\t<\/div>\n\t\t\t\t<!--            -->\t\t\t\t<!--                <span class=\"job-featured\">--><!--<\/span>-->\n\t\t\t\t<!--            -->\t\t\t\t<div class=\"job-type \">\n\t\t\t\t\t\t\t\t\t\t\t\t\t\t\t\t<button class=\"save-job\" data-toggle=\"modal\" data-target=\"#iwj-login-popup\">\n\t\t\t\t\t\t\t<i class=\"fa fa-heart\"><\/i><\/button>\n\t\t\t\t\t\t\t\t\t<\/div>\n\t\t\t<\/div>\n\t\t\t\t\t\t\t<div class=\"iwj-featured\"><\/div>\n\t\t\t\n\t<\/div>\n<\/div>\n\n<div class=\"grid-content\" data-id=\"4082\">\n\t<div class=\"job-item featured-item\">\n\t\t\t\t\t\t<div class=\"job-image\"><img alt='99Web' src='https:\/\/99web.com.br\/oportunidades\/wp-content\/uploads\/2018\/03\/99web-pequena-a-startup-de-marketing-digital-que-esta-revolucionado-a-publicidade-on-line.png' class='avatar avatar-full photo' width='100' height='46' \/><\/div>\n\t\t\t\t\t\t<div class=\"job-info\">\n\t\t\t\t<h3 class=\"job-title\">\n\t\t\t\t\t<a href=\"https:\/\/99web.com.br\/oportunidades\/job\/web\/?preview=true\">Web<\/a>\n\t\t\t\t<\/h3>\n\t\t\t\t<div class=\"info-company\">\n\t\t\t\t\t\t\t\t\t\t\t<div class=\"company\"><i class=\"fa fa-suitcase\"><\/i>\n\t\t\t\t\t\t\t\t\t\t\t\t\t\t\t<a href=\"https:\/\/99web.com.br\/oportunidades\/empresa\/99web\/\">99Web<\/a>\n\t\t\t\t\t\t\t\t\t\t\t\t\t<\/div>\n\t\t\t\t\t\t\t\t\t\t\t\t\t\t\t\t<div class=\"sallary\"><i class=\"iwj-icon-money\"><\/i>negotiable<\/div>\n\t\t\t\t\t\t\t\t\t\t\t\t\t\t<\/div>\n\t\t\t\t<!--            -->\t\t\t\t<!--                <span class=\"job-featured\">--><!--<\/span>-->\n\t\t\t\t<!--            -->\t\t\t\t<div class=\"job-type \">\n\t\t\t\t\t\t\t\t\t\t\t\t\t\t\t\t<button class=\"save-job\" data-toggle=\"modal\" data-target=\"#iwj-login-popup\">\n\t\t\t\t\t\t\t<i class=\"fa fa-heart\"><\/i><\/button>\n\t\t\t\t\t\t\t\t\t<\/div>\n\t\t\t<\/div>\n\t\t\t\t\t\t\t<div class=\"iwj-featured\"><\/div>\n\t\t\t\n\t<\/div>\n<\/div>\n\n<div class=\"grid-content\" data-id=\"4081\">\n\t<div class=\"job-item featured-item\">\n\t\t\t\t\t\t<div class=\"job-image\"><img alt='99Web' src='https:\/\/99web.com.br\/oportunidades\/wp-content\/uploads\/2018\/03\/99web-pequena-a-startup-de-marketing-digital-que-esta-revolucionado-a-publicidade-on-line.png' class='avatar avatar-full photo' width='100' height='46' \/><\/div>\n\t\t\t\t\t\t<div class=\"job-info\">\n\t\t\t\t<h3 class=\"job-title\">\n\t\t\t\t\t<a href=\"https:\/\/99web.com.br\/oportunidades\/job\/web-designer\/?preview=true\">Web Designer 2<\/a>\n\t\t\t\t<\/h3>\n\t\t\t\t<div class=\"info-company\">\n\t\t\t\t\t\t\t\t\t\t\t<div class=\"company\"><i class=\"fa fa-suitcase\"><\/i>\n\t\t\t\t\t\t\t\t\t\t\t\t\t\t\t<a href=\"https:\/\/99web.com.br\/oportunidades\/empresa\/99web\/\">99Web<\/a>\n\t\t\t\t\t\t\t\t\t\t\t\t\t<\/div>\n\t\t\t\t\t\t\t\t\t\t\t\t\t\t\t\t<div class=\"sallary\"><i class=\"iwj-icon-money\"><\/i>negotiable<\/div>\n\t\t\t\t\t\t\t\t\t\t\t\t\t\t<\/div>\n\t\t\t\t<!--            -->\t\t\t\t<!--                <span class=\"job-featured\">--><!--<\/span>-->\n\t\t\t\t<!--            -->\t\t\t\t<div class=\"job-type \">\n\t\t\t\t\t\t\t\t\t\t\t\t\t\t\t\t<button class=\"save-job\" data-toggle=\"modal\" data-target=\"#iwj-login-popup\">\n\t\t\t\t\t\t\t<i class=\"fa fa-heart\"><\/i><\/button>\n\t\t\t\t\t\t\t\t\t<\/div>\n\t\t\t<\/div>\n\t\t\t\t\t\t\t<div class=\"iwj-featured\"><\/div>\n\t\t\t\n\t<\/div>\n<\/div>\n\n<div class=\"grid-content\" data-id=\"4079\">\n\t<div class=\"job-item featured-item\">\n\t\t\t\t\t\t<div class=\"job-image\"><img alt='99Web' src='https:\/\/99web.com.br\/oportunidades\/wp-content\/uploads\/2018\/03\/99web-pequena-a-startup-de-marketing-digital-que-esta-revolucionado-a-publicidade-on-line.png' class='avatar avatar-full photo' width='100' height='46' \/><\/div>\n\t\t\t\t\t\t<div class=\"job-info\">\n\t\t\t\t<h3 class=\"job-title\">\n\t\t\t\t\t<a href=\"https:\/\/99web.com.br\/oportunidades\/job\/web-designer\/?preview=true\">Web Designer<\/a>\n\t\t\t\t<\/h3>\n\t\t\t\t<div class=\"info-company\">\n\t\t\t\t\t\t\t\t\t\t\t<div class=\"company\"><i class=\"fa fa-suitcase\"><\/i>\n\t\t\t\t\t\t\t\t\t\t\t\t\t\t\t<a href=\"https:\/\/99web.com.br\/oportunidades\/empresa\/99web\/\">99Web<\/a>\n\t\t\t\t\t\t\t\t\t\t\t\t\t<\/div>\n\t\t\t\t\t\t\t\t\t\t\t\t\t\t\t\t<div class=\"sallary\"><i class=\"iwj-icon-money\"><\/i>negotiable<\/div>\n\t\t\t\t\t\t\t\t\t\t\t\t\t\t<\/div>\n\t\t\t\t<!--            -->\t\t\t\t<!--                <span class=\"job-featured\">--><!--<\/span>-->\n\t\t\t\t<!--            -->\t\t\t\t<div class=\"job-type \">\n\t\t\t\t\t\t\t\t\t\t\t\t\t\t\t\t<button class=\"save-job\" data-toggle=\"modal\" data-target=\"#iwj-login-popup\">\n\t\t\t\t\t\t\t<i class=\"fa fa-heart\"><\/i><\/button>\n\t\t\t\t\t\t\t\t\t<\/div>\n\t\t\t<\/div>\n\t\t\t\t\t\t\t<div class=\"iwj-featured\"><\/div>\n\t\t\t\n\t<\/div>\n<\/div>\n\n<div class=\"grid-content\" data-id=\"4021\">\n\t<div class=\"job-item featured-item\">\n\t\t\t\t\t\t<div class=\"job-image\"><img alt='99Web' src='https:\/\/99web.com.br\/oportunidades\/wp-content\/uploads\/2018\/03\/99web-pequena-a-startup-de-marketing-digital-que-esta-revolucionado-a-publicidade-on-line.png' class='avatar avatar-full photo' width='100' height='46' \/><\/div>\n\t\t\t\t\t\t<div class=\"job-info\">\n\t\t\t\t<h3 class=\"job-title\">\n\t\t\t\t\t<a href=\"https:\/\/99web.com.br\/oportunidades\/job\/analista-de-seo\/?preview=true\">Analista de SEO<\/a>\n\t\t\t\t<\/h3>\n\t\t\t\t<div class=\"info-company\">\n\t\t\t\t\t\t\t\t\t\t\t<div class=\"company\"><i class=\"fa fa-suitcase\"><\/i>\n\t\t\t\t\t\t\t\t\t\t\t\t\t\t\t<a href=\"https:\/\/99web.com.br\/oportunidades\/empresa\/99web\/\">99Web<\/a>\n\t\t\t\t\t\t\t\t\t\t\t\t\t<\/div>\n\t\t\t\t\t\t\t\t\t\t\t\t\t\t\t\t<div class=\"sallary\"><i class=\"iwj-icon-money\"><\/i>R$4.000<\/div>\n\t\t\t\t\t\t\t\t\t\t\t\t\t\t<\/div>\n\t\t\t\t<!--            -->\t\t\t\t<!--                <span class=\"job-featured\">--><!--<\/span>-->\n\t\t\t\t<!--            -->\t\t\t\t<div class=\"job-type \">\n\t\t\t\t\t\t\t\t\t\t\t\t\t\t\t\t<button class=\"save-job\" data-toggle=\"modal\" data-target=\"#iwj-login-popup\">\n\t\t\t\t\t\t\t<i class=\"fa fa-heart\"><\/i><\/button>\n\t\t\t\t\t\t\t\t\t<\/div>\n\t\t\t<\/div>\n\t\t\t\t\t\t\t<div class=\"iwj-featured\"><\/div>\n\t\t\t\n\t<\/div>\n<\/div>\n\n<div class=\"grid-content\" data-id=\"4026\">\n\t<div class=\"job-item \">\n\t\t\t\t\t\t<div class=\"job-image\"><img alt='99Web' src='https:\/\/99web.com.br\/oportunidades\/wp-content\/uploads\/2018\/03\/99web-pequena-a-startup-de-marketing-digital-que-esta-revolucionado-a-publicidade-on-line.png' class='avatar avatar-full photo' width='100' height='46' \/><\/div>\n\t\t\t\t\t\t<div class=\"job-info\">\n\t\t\t\t<h3 class=\"job-title\">\n\t\t\t\t\t<a href=\"https:\/\/99web.com.br\/oportunidades\/job\/analista-de-recursos-humanos\/\">Analista de Recursos Humanos<\/a>\n\t\t\t\t<\/h3>\n\t\t\t\t<div class=\"info-company\">\n\t\t\t\t\t\t\t\t\t\t\t<div class=\"company\"><i class=\"fa fa-suitcase\"><\/i>\n\t\t\t\t\t\t\t\t\t\t\t\t\t\t\t<a href=\"https:\/\/99web.com.br\/oportunidades\/empresa\/99web\/\">99Web<\/a>\n\t\t\t\t\t\t\t\t\t\t\t\t\t<\/div>\n\t\t\t\t\t\t\t\t\t\t\t\t\t\t\t\t<div class=\"sallary\"><i class=\"iwj-icon-money\"><\/i>negotiable<\/div>\n\t\t\t\t\t\t\t\t\t\t\t\t\t\t<\/div>\n\t\t\t\t<!--            -->\t\t\t\t<!--                <span class=\"job-featured\">--><!--<\/span>-->\n\t\t\t\t<!--            -->\t\t\t\t<div class=\"job-type \">\n\t\t\t\t\t\t\t\t\t\t\t\t\t\t\t\t<button class=\"save-job\" data-toggle=\"modal\" data-target=\"#iwj-login-popup\">\n\t\t\t\t\t\t\t<i class=\"fa fa-heart\"><\/i><\/button>\n\t\t\t\t\t\t\t\t\t<\/div>\n\t\t\t<\/div>\n\t\t\t\n\t<\/div>\n<\/div>\n\n<div class=\"grid-content\" data-id=\"4023\">\n\t<div class=\"job-item \">\n\t\t\t\t\t\t<div class=\"job-image\"><img alt='99Web' src='https:\/\/99web.com.br\/oportunidades\/wp-content\/uploads\/2018\/03\/99web-pequena-a-startup-de-marketing-digital-que-esta-revolucionado-a-publicidade-on-line.png' class='avatar avatar-full photo' width='100' height='46' \/><\/div>\n\t\t\t\t\t\t<div class=\"job-info\">\n\t\t\t\t<h3 class=\"job-title\">\n\t\t\t\t\t<a href=\"https:\/\/99web.com.br\/oportunidades\/job\/web-designer\/?preview=true\">Web Designer<\/a>\n\t\t\t\t<\/h3>\n\t\t\t\t<div class=\"info-company\">\n\t\t\t\t\t\t\t\t\t\t\t<div class=\"company\"><i class=\"fa fa-suitcase\"><\/i>\n\t\t\t\t\t\t\t\t\t\t\t\t\t\t\t<a href=\"https:\/\/99web.com.br\/oportunidades\/empresa\/99web\/\">99Web<\/a>\n\t\t\t\t\t\t\t\t\t\t\t\t\t<\/div>\n\t\t\t\t\t\t\t\t\t\t\t\t\t\t\t\t<div class=\"sallary\"><i class=\"iwj-icon-money\"><\/i>R$4.000<\/div>\n\t\t\t\t\t\t\t\t\t\t\t\t\t\t<\/div>\n\t\t\t\t<!--            -->\t\t\t\t<!--                <span class=\"job-featured\">--><!--<\/span>-->\n\t\t\t\t<!--            -->\t\t\t\t<div class=\"job-type \">\n\t\t\t\t\t\t\t\t\t\t\t\t\t\t\t\t<button class=\"save-job\" data-toggle=\"modal\" data-target=\"#iwj-login-popup\">\n\t\t\t\t\t\t\t<i class=\"fa fa-heart\"><\/i><\/button>\n\t\t\t\t\t\t\t\t\t<\/div>\n\t\t\t<\/div>\n\t\t\t\n\t<\/div>\n<\/div>\n\n<div class=\"grid-content\" data-id=\"4018\">\n\t<div class=\"job-item \">\n\t\t\t\t\t\t<div class=\"job-image\"><img alt='99Web' src='https:\/\/99web.com.br\/oportunidades\/wp-content\/uploads\/2018\/03\/99web-pequena-a-startup-de-marketing-digital-que-esta-revolucionado-a-publicidade-on-line.png' class='avatar avatar-full photo' width='100' height='46' \/><\/div>\n\t\t\t\t\t\t<div class=\"job-info\">\n\t\t\t\t<h3 class=\"job-title\">\n\t\t\t\t\t<a href=\"https:\/\/99web.com.br\/oportunidades\/job\/videomaker\/\">Videomaker<\/a>\n\t\t\t\t<\/h3>\n\t\t\t\t<div class=\"info-company\">\n\t\t\t\t\t\t\t\t\t\t\t<div class=\"company\"><i class=\"fa fa-suitcase\"><\/i>\n\t\t\t\t\t\t\t\t\t\t\t\t\t\t\t<a href=\"https:\/\/99web.com.br\/oportunidades\/empresa\/99web\/\">99Web<\/a>\n\t\t\t\t\t\t\t\t\t\t\t\t\t<\/div>\n\t\t\t\t\t\t\t\t\t\t\t\t\t\t\t\t<div class=\"sallary\"><i class=\"iwj-icon-money\"><\/i>negotiable<\/div>\n\t\t\t\t\t\t\t\t\t\t\t\t\t\t<\/div>\n\t\t\t\t<!--            -->\t\t\t\t<!--                <span class=\"job-featured\">--><!--<\/span>-->\n\t\t\t\t<!--            -->\t\t\t\t<div class=\"job-type \">\n\t\t\t\t\t\t\t\t\t\t\t\t\t\t\t\t<button class=\"save-job\" data-toggle=\"modal\" data-target=\"#iwj-login-popup\">\n\t\t\t\t\t\t\t<i class=\"fa fa-heart\"><\/i><\/button>\n\t\t\t\t\t\t\t\t\t<\/div>\n\t\t\t<\/div>\n\t\t\t\n\t<\/div>\n<\/div>\n\n<div class=\"grid-content\" data-id=\"4022\">\n\t<div class=\"job-item \">\n\t\t\t\t\t\t<div class=\"job-image\"><img alt='99Web' src='https:\/\/99web.com.br\/oportunidades\/wp-content\/uploads\/2018\/03\/99web-pequena-a-startup-de-marketing-digital-que-esta-revolucionado-a-publicidade-on-line.png' class='avatar avatar-full photo' width='100' height='46' \/><\/div>\n\t\t\t\t\t\t<div class=\"job-info\">\n\t\t\t\t<h3 class=\"job-title\">\n\t\t\t\t\t<a href=\"https:\/\/99web.com.br\/oportunidades\/job\/estagio-em-seo\/\">Est\u00e1gio em SEO<\/a>\n\t\t\t\t<\/h3>\n\t\t\t\t<div class=\"info-company\">\n\t\t\t\t\t\t\t\t\t\t\t<div class=\"company\"><i class=\"fa fa-suitcase\"><\/i>\n\t\t\t\t\t\t\t\t\t\t\t\t\t\t\t<a href=\"https:\/\/99web.com.br\/oportunidades\/empresa\/99web\/\">99Web<\/a>\n\t\t\t\t\t\t\t\t\t\t\t\t\t<\/div>\n\t\t\t\t\t\t\t\t\t\t\t\t\t\t\t\t<div class=\"sallary\"><i class=\"iwj-icon-money\"><\/i>R$980<\/div>\n\t\t\t\t\t\t\t\t\t\t\t\t\t\t<\/div>\n\t\t\t\t<!--            -->\t\t\t\t<!--                <span class=\"job-featured\">--><!--<\/span>-->\n\t\t\t\t<!--            -->\t\t\t\t<div class=\"job-type \">\n\t\t\t\t\t\t\t\t\t\t\t\t\t\t\t\t<button class=\"save-job\" data-toggle=\"modal\" data-target=\"#iwj-login-popup\">\n\t\t\t\t\t\t\t<i class=\"fa fa-heart\"><\/i><\/button>\n\t\t\t\t\t\t\t\t\t<\/div>\n\t\t\t<\/div>\n\t\t\t\n\t<\/div>\n<\/div>\n\n                <div class=\"clearfix\"><\/div>\n            <\/div>\n\n                    <\/div>\n    <\/div>\n\n        <input type=\"hidden\" name=\"url\" id=\"url\" value=\"https:\/\/99web.com.br\/oportunidades\/wp-json\/wp\/v2\/pages\/656\">\n<\/div>\n\n\n\n\n\n<\/div><\/div><\/div><\/div>\n","protected":false},"excerpt":{"rendered":"Descri\u00e7\u00e3o da vaga A 99web\u00a0\u00e9 a startup de marketing digital! Nosso\u00a0prop\u00f3sito\u00a0\u00e9 gerar\u00a0oportunidades de crescimento\u00a0para nossos clientes, colaboradores e parceiros! Nosso\u00a0neg\u00f3cio\u00a0\u00e9\u00a0alavancar a visibilidade online e os resultados\u00a0de nossos clientes atrav\u00e9s do marketing digital! Trabalhando conosco, voc\u00ea vai fazer parte de uma das melhores equipes de marketing digital do Brasil. Gosta da ideia? ;) Aqui voc\u00ea ter\u00e1 [...]","protected":false},"author":1,"featured_media":0,"parent":0,"menu_order":12,"comment_status":"closed","ping_status":"closed","template":"page-templates\/two-sidebar-page.php","meta":[],"yoast_head":"<!-- This site is optimized with the Yoast SEO plugin v17.4 - https:\/\/yoast.com\/wordpress\/plugins\/seo\/ -->\n<title>Jobs - Oportunidades<\/title>\n<meta name=\"robots\" content=\"index, follow, max-snippet:-1, max-image-preview:large, max-video-preview:-1\" \/>\n<link rel=\"canonical\" href=\"https:\/\/99web.com.br\/oportunidades\/jobs\/\" \/>\n<meta property=\"og:locale\" content=\"pt_BR\" \/>\n<meta property=\"og:type\" content=\"article\" \/>\n<meta property=\"og:title\" content=\"Jobs - Oportunidades\" \/>\n<meta property=\"og:url\" content=\"https:\/\/99web.com.br\/oportunidades\/jobs\/\" \/>\n<meta property=\"og:site_name\" content=\"Oportunidades\" \/>\n<meta property=\"article:publisher\" content=\"https:\/\/www.facebook.com\/agencia99web\/\" \/>\n<meta property=\"article:modified_time\" content=\"2018-04-30T15:18:28+00:00\" \/>\n<meta name=\"twitter:card\" content=\"summary_large_image\" \/>\n<!-- \/ Yoast SEO plugin. -->","yoast_head_json":{"title":"Jobs - Oportunidades","robots":{"index":"index","follow":"follow","max-snippet":"max-snippet:-1","max-image-preview":"max-image-preview:large","max-video-preview":"max-video-preview:-1"},"canonical":"https:\/\/99web.com.br\/oportunidades\/jobs\/","og_locale":"pt_BR","og_type":"article","og_title":"Jobs - Oportunidades","og_url":"https:\/\/99web.com.br\/oportunidades\/jobs\/","og_site_name":"Oportunidades","article_publisher":"https:\/\/www.facebook.com\/agencia99web\/","article_modified_time":"2018-04-30T15:18:28+00:00","twitter_card":"summary_large_image","schema":{"@context":"https:\/\/schema.org","@graph":[{"@type":"Organization","@id":"https:\/\/99web.com.br\/oportunidades\/#organization","name":"99Web","url":"https:\/\/99web.com.br\/oportunidades\/","sameAs":["https:\/\/www.facebook.com\/agencia99web\/","https:\/\/www.instagram.com\/99web\/","https:\/\/www.linkedin.com\/company\/99web\/about\/"],"logo":{"@type":"ImageObject","@id":"https:\/\/99web.com.br\/oportunidades\/#logo","inLanguage":"pt-BR","url":"https:\/\/99web.com.br\/oportunidades\/wp-content\/uploads\/2018\/03\/99web-pequena-a-startup-de-marketing-digital-que-esta-revolucionado-a-publicidade-on-line.png","contentUrl":"https:\/\/99web.com.br\/oportunidades\/wp-content\/uploads\/2018\/03\/99web-pequena-a-startup-de-marketing-digital-que-esta-revolucionado-a-publicidade-on-line.png","width":100,"height":46,"caption":"99Web"},"image":{"@id":"https:\/\/99web.com.br\/oportunidades\/#logo"}},{"@type":"WebSite","@id":"https:\/\/99web.com.br\/oportunidades\/#website","url":"https:\/\/99web.com.br\/oportunidades\/","name":"Oportunidades","description":"A startup de marketing digital que esta revolucionado a publicidade on-line","publisher":{"@id":"https:\/\/99web.com.br\/oportunidades\/#organization"},"potentialAction":[{"@type":"SearchAction","target":{"@type":"EntryPoint","urlTemplate":"https:\/\/99web.com.br\/oportunidades\/?s={search_term_string}"},"query-input":"required name=search_term_string"}],"inLanguage":"pt-BR"},{"@type":"WebPage","@id":"https:\/\/99web.com.br\/oportunidades\/jobs\/#webpage","url":"https:\/\/99web.com.br\/oportunidades\/jobs\/","name":"Jobs - Oportunidades","isPartOf":{"@id":"https:\/\/99web.com.br\/oportunidades\/#website"},"datePublished":"2017-05-08T10:10:34+00:00","dateModified":"2018-04-30T15:18:28+00:00","breadcrumb":{"@id":"https:\/\/99web.com.br\/oportunidades\/jobs\/#breadcrumb"},"inLanguage":"pt-BR","potentialAction":[{"@type":"ReadAction","target":["https:\/\/99web.com.br\/oportunidades\/jobs\/"]}]},{"@type":"BreadcrumbList","@id":"https:\/\/99web.com.br\/oportunidades\/jobs\/#breadcrumb","itemListElement":[{"@type":"ListItem","position":1,"name":"In\u00edcio","item":"https:\/\/99web.com.br\/oportunidades\/"},{"@type":"ListItem","position":2,"name":"Jobs"}]}]}},"_links":{"self":[{"href":"https:\/\/99web.com.br\/oportunidades\/wp-json\/wp\/v2\/pages\/656"}],"collection":[{"href":"https:\/\/99web.com.br\/oportunidades\/wp-json\/wp\/v2\/pages"}],"about":[{"href":"https:\/\/99web.com.br\/oportunidades\/wp-json\/wp\/v2\/types\/page"}],"author":[{"embeddable":true,"href":"https:\/\/99web.com.br\/oportunidades\/wp-json\/wp\/v2\/users\/1"}],"replies":[{"embeddable":true,"href":"https:\/\/99web.com.br\/oportunidades\/wp-json\/wp\/v2\/comments?post=656"}],"version-history":[{"count":1,"href":"https:\/\/99web.com.br\/oportunidades\/wp-json\/wp\/v2\/pages\/656\/revisions"}],"predecessor-version":[{"id":3824,"href":"https:\/\/99web.com.br\/oportunidades\/wp-json\/wp\/v2\/pages\/656\/revisions\/3824"}],"wp:attachment":[{"href":"https:\/\/99web.com.br\/oportunidades\/wp-json\/wp\/v2\/media?parent=656"}],"curies":[{"name":"wp","href":"https:\/\/api.w.org\/{rel}","templated":true}]}}